{"id":10671,"date":"2025-12-03T21:22:34","date_gmt":"2025-12-03T21:22:34","guid":{"rendered":"https:\/\/mvz-sports.com\/fr\/?page_id=10671"},"modified":"2026-01-08T22:01:26","modified_gmt":"2026-01-08T21:01:26","slug":"mentions-legales-mvz","status":"publish","type":"page","link":"https:\/\/mvz-sports.com\/fr\/page\/mentions-legales-mvz","title":{"rendered":"Mentions l\u00e9gales"},"content":{"rendered":"\n<figure class=\"wp-block-image size-full\"><img decoding=\"async\" width=\"100\" height=\"100\" src=\"https:\/\/mvz-sports.com\/wp-content\/uploads\/2025\/12\/favicon.png\" alt=\"MVZ Sports logo\" class=\"wp-image-15980\"\/><\/figure>\n\n\n\n<h1 class=\"wp-block-heading\">CONDITIONS G\u00c9N\u00c9RALES D\u2019UTILISATION DU SITE mvz-sports.com<\/h1>\n\n\n\n<h2 class=\"wp-block-heading\">ARTICLE 1 \u2013 OBJET<\/h2>\n\n\n\n<p>Les pr\u00e9sentes Conditions G\u00e9n\u00e9rales d\u2019Utilisation ont pour objet de d\u00e9finir les modalit\u00e9s de mise \u00e0 disposition du site <strong>mvz-sports.com<\/strong> (ci-apr\u00e8s d\u00e9nomm\u00e9 : le \u00ab SITE \u00bb), \u00e9dit\u00e9 par <strong>KHEPER<\/strong> (ci-apr\u00e8s d\u00e9nomm\u00e9 : \u00ab L\u2019\u00c9DITEUR \u00bb) et les conditions d\u2019utilisation dudit SITE par toute personne qui y acc\u00e8de ou s\u2019y maintient (ci-apr\u00e8s d\u00e9nomm\u00e9e : \u00ab L\u2019UTILISATEUR \u00bb).<\/p>\n\n\n\n<h2 class=\"wp-block-heading\">ARTICLE 2 \u2013 MENTIONS L\u00c9GALES<\/h2>\n\n\n\n<p><strong>\u00c9diteur :<\/strong><br><strong>KHEPER<\/strong>, Soci\u00e9t\u00e9 \u00e0 responsabilit\u00e9 limit\u00e9e (SARL)<br>SIREN : <strong>949 685 887<\/strong> \u2013 N\u00b0 TVA intracommunautaire : <strong>FR57 949 685 887<\/strong><br>Si\u00e8ge social : <strong>CEDEX \u2013 CS 10160, 99 Avenue Achille Peretti, 92200 Neuilly-sur-Seine<\/strong><\/p>\n\n\n\n<p><strong>Contact :<\/strong> <strong><a>contact@mvz-sports.com<\/a><\/strong><\/p>\n\n\n\n<p><strong>Directeur \/ responsable de la publication :<\/strong> <strong>le repr\u00e9sentant l\u00e9gal de la soci\u00e9t\u00e9 KHEPER<\/strong>.<\/p>\n\n\n\n<p><strong>H\u00e9bergeur :<\/strong><br><strong>o2switch<\/strong> \u2013 222 Boulevard Gustave Flaubert, 63000 Clermont-Ferrand \u2013 04 44 44 60 40<\/p>\n\n\n\n<h2 class=\"wp-block-heading\">ARTICLE 3 \u2013 ACC\u00c8S AU SITE<\/h2>\n\n\n\n<p>Le SITE a pour objet de mettre \u00e0 disposition des UTILISATEURS des informations, des conseils, des analyses et des comparatifs relatifs au sport et aux \u00e9quipements sportifs.<\/p>\n\n\n\n<p>Le SITE peut \u00e9galement publier des contenus li\u00e9s aux <strong>jeux d\u2019argent et paris sportifs en ligne<\/strong>, notamment des informations, conseils et liens vers des op\u00e9rateurs de paris <strong>agr\u00e9\u00e9s par l\u2019Autorit\u00e9 Nationale des Jeux (ANJ)<\/strong> (ci-apr\u00e8s les \u00ab OP\u00c9RATEURS \u00bb).<\/p>\n\n\n\n<p>Le SITE <strong>ne propose aucun service de jeux d\u2019argent ou de paris en ligne<\/strong> : il se limite \u00e0 informer et, le cas \u00e9ch\u00e9ant, \u00e0 rediriger vers les sites des OP\u00c9RATEURS via des liens. L\u2019UTILISATEUR reste libre de s\u2019inscrire ou non et de parier ou non sur les sites des OP\u00c9RATEURS.<\/p>\n\n\n\n<p>L\u2019acc\u00e8s au SITE, la navigation sur le SITE et l\u2019utilisation des ressources du SITE sont r\u00e9serv\u00e9s aux personnes majeures et capables, et destin\u00e9s \u00e0 un usage strictement personnel.<\/p>\n\n\n\n<p>L\u2019UTILISATEUR s\u2019engage \u00e0 ne pas utiliser le SITE et les informations ou ressources qui s\u2019y trouvent \u00e0 des fins ill\u00e9gales, frauduleuses, ou de sollicitations commerciales non sollicit\u00e9es.<\/p>\n\n\n\n<p>L\u2019acc\u00e8s au SITE est gratuit. Il ne donne lieu \u00e0 aucune relation commerciale entre L\u2019\u00c9DITEUR et L\u2019UTILISATEUR.<\/p>\n\n\n\n<h2 class=\"wp-block-heading\">ARTICLE 4 \u2013 CONTENU DU SITE \/ PROPRI\u00c9T\u00c9 INTELLECTUELLE<\/h2>\n\n\n\n<p>Toutes les marques, photographies, textes, commentaires, illustrations, images anim\u00e9es ou non, s\u00e9quences vid\u00e9o, sons, ainsi que tous les \u00e9l\u00e9ments reproduits ou utilis\u00e9s sur le SITE sont prot\u00e9g\u00e9s par les lois en vigueur au titre de la propri\u00e9t\u00e9 intellectuelle.<\/p>\n\n\n\n<p>Ils sont la propri\u00e9t\u00e9 pleine et enti\u00e8re de L\u2019\u00c9DITEUR ou de ses partenaires, sauf mention contraire.<\/p>\n\n\n\n<p>Toute reproduction, repr\u00e9sentation, utilisation ou adaptation, sous quelque forme que ce soit, de tout ou partie de ces \u00e9l\u00e9ments, sans l\u2019accord pr\u00e9alable et \u00e9crit de L\u2019\u00c9DITEUR, est strictement interdite.<\/p>\n\n\n\n<h2 class=\"wp-block-heading\">ARTICLE 5 \u2013 GESTION DU SITE<\/h2>\n\n\n\n<p>Pour la bonne gestion du SITE, L\u2019\u00c9DITEUR pourra \u00e0 tout moment :<\/p>\n\n\n\n<ul class=\"wp-block-list\">\n<li>suspendre, interrompre ou limiter l\u2019acc\u00e8s \u00e0 tout ou partie du SITE ;<\/li>\n\n\n\n<li>supprimer toute information pouvant en perturber le fonctionnement ou entrant en contravention avec les lois ;<\/li>\n\n\n\n<li>suspendre le SITE afin de proc\u00e9der \u00e0 des mises \u00e0 jour.<\/li>\n<\/ul>\n\n\n\n<h2 class=\"wp-block-heading\">ARTICLE 6 \u2013 RESPONSABILIT\u00c9S<\/h2>\n\n\n\n<p>Les contenus publi\u00e9s sur le SITE sont fournis \u00e0 titre informatif. L\u2019UTILISATEUR est seul responsable de l\u2019usage qu\u2019il en fait.<\/p>\n\n\n\n<p>L\u2019\u00c9DITEUR ne pourra \u00eatre tenu responsable en cas de d\u00e9faillance, panne, difficult\u00e9 ou interruption de fonctionnement emp\u00eachant l\u2019acc\u00e8s au SITE.<\/p>\n\n\n\n<p>Le SITE peut contenir des liens vers des sites tiers (dont les sites des OP\u00c9RATEURS). L\u2019\u00c9DITEUR n\u2019exerce aucun contr\u00f4le sur ces sites et d\u00e9cline toute responsabilit\u00e9 quant \u00e0 leur contenu, leurs politiques, ou leur fonctionnement.<\/p>\n\n\n\n<h2 class=\"wp-block-heading\">ARTICLE 7 \u2013 LIENS HYPERTEXTES<\/h2>\n\n\n\n<p>Toute information accessible via un lien vers un site tiers n\u2019est pas sous le contr\u00f4le de L\u2019\u00c9DITEUR, qui d\u00e9cline toute responsabilit\u00e9 quant \u00e0 son contenu.<\/p>\n\n\n\n<h2 class=\"wp-block-heading\">ARTICLE 8 \u2013 VIE PRIV\u00c9E \/ DONN\u00c9ES PERSONNELLES<\/h2>\n\n\n\n<p>Le SITE peut traiter certaines donn\u00e9es (ex : donn\u00e9es techniques de connexion, statistiques de visite, cookies, donn\u00e9es envoy\u00e9es via un formulaire\/contact).<\/p>\n\n\n\n<p>L\u2019\u00c9DITEUR s\u2019engage \u00e0 traiter les donn\u00e9es conform\u00e9ment \u00e0 la r\u00e9glementation applicable, notamment le RGPD.<\/p>\n\n\n\n<p><strong>Exercice des droits (acc\u00e8s, rectification, suppression, opposition, limitation) :<\/strong><br>Contact : <strong><a>contact@mvz-sports.com<\/a><\/strong><\/p>\n\n\n\n<p>L\u2019UTILISATEUR peut \u00e9galement introduire une r\u00e9clamation aupr\u00e8s de la CNIL.<\/p>\n\n\n\n<h2 class=\"wp-block-heading\">ARTICLE 9 \u2013 COOKIES<\/h2>\n\n\n\n<p>L\u2019UTILISATEUR est inform\u00e9 que des cookies\/traceurs peuvent \u00eatre d\u00e9pos\u00e9s, notamment pour le fonctionnement du SITE, la mesure d\u2019audience, et\/ou la publicit\u00e9, selon la configuration du SITE.<\/p>\n\n\n\n<p>L\u2019UTILISATEUR peut param\u00e9trer son navigateur et\/ou ses choix de consentement (bandeau cookies lorsqu\u2019il est activ\u00e9).<\/p>\n\n\n\n<h2 class=\"wp-block-heading\">ARTICLE 10 \u2013 JEU RESPONSABLE<\/h2>\n\n\n\n<p>L\u2019acc\u00e8s aux contenus li\u00e9s aux jeux d\u2019argent et paris en ligne est strictement r\u00e9serv\u00e9 aux personnes majeures (18 ans ou plus). Toute tentative de jeu par un mineur est interdite.<\/p>\n\n\n\n<p>Le jeu doit rester un loisir : si vous ressentez une perte de contr\u00f4le ou si le jeu n\u2019est plus un plaisir, nous vous encourageons \u00e0 demander de l\u2019aide.<\/p>\n\n\n\n<p>Ressource : <strong>Joueurs Info Service<\/strong> \u2013 09 74 75 13 13 \u2013 et le site <strong>joueurs-info-service.fr<\/strong>.<\/p>\n\n\n\n<h2 class=\"wp-block-heading\">ARTICLE 11 \u2013 LITIGES ET LOI APPLICABLE<\/h2>\n\n\n\n<p>Les pr\u00e9sentes conditions d\u2019utilisation sont r\u00e9gies par la loi fran\u00e7aise.<\/p>\n\n\n\n<p>En cas de litige, et sauf disposition l\u00e9gale imp\u00e9rative contraire, les tribunaux fran\u00e7ais seront seuls comp\u00e9tents.<\/p>\n\n\n\n<h2 class=\"wp-block-heading\">ARTICLE 12 \u2013 DIVISIBILIT\u00c9 ET INT\u00c9GRALIT\u00c9<\/h2>\n\n\n\n<p>En cas de nullit\u00e9 de l\u2019une des clauses des pr\u00e9sentes Conditions, celles-ci demeureront valables pour le surplus.<\/p>\n\n\n\n<p>L\u2019acc\u00e8s, le maintien, la navigation et l\u2019utilisation des ressources du SITE sont r\u00e9gis par les pr\u00e9sentes CGU \u00e0 l\u2019exclusion de tout autre document.<\/p>\n\n\n\n<h2 class=\"wp-block-heading\">ARTICLE 13 \u2013 ACCEPTATION<\/h2>\n\n\n\n<p>En acc\u00e9dant, en se maintenant et\/ou en navigant sur le SITE, l\u2019UTILISATEUR reconna\u00eet avoir lu et accept\u00e9 sans r\u00e9serve les pr\u00e9sentes Conditions G\u00e9n\u00e9rales d\u2019Utilisation.<\/p>\n","protected":false},"excerpt":{"rendered":"<p>CONDITIONS G\u00c9N\u00c9RALES D\u2019UTILISATION DU SITE mvz-sports.com ARTICLE 1 \u2013 OBJET Les pr\u00e9sentes Conditions G\u00e9n\u00e9rales d\u2019Utilisation ont pour objet de d\u00e9finir les modalit\u00e9s de mise \u00e0 disposition du site mvz-sports.com (ci-apr\u00e8s d\u00e9nomm\u00e9 : le \u00ab SITE \u00bb), \u00e9dit\u00e9 par KHEPER (ci-apr\u00e8s d\u00e9nomm\u00e9 : \u00ab L\u2019\u00c9DITEUR \u00bb) et les conditions d\u2019utilisation dudit SITE par toute personne qui [&hellip;]<\/p>\n","protected":false},"author":1,"featured_media":0,"parent":0,"menu_order":0,"comment_status":"closed","ping_status":"closed","template":"","meta":{"_acf_changed":false,"_seopress_robots_primary_cat":"","_seopress_titles_title":"","_seopress_titles_desc":"","_seopress_robots_index":"yes","footnotes":""},"class_list":["post-10671","page","type-page","status-publish","hentry"],"acf":[],"_links":{"self":[{"href":"https:\/\/mvz-sports.com\/fr\/wp-json\/wp\/v2\/pages\/10671","targetHints":{"allow":["GET"]}}],"collection":[{"href":"https:\/\/mvz-sports.com\/fr\/wp-json\/wp\/v2\/pages"}],"about":[{"href":"https:\/\/mvz-sports.com\/fr\/wp-json\/wp\/v2\/types\/page"}],"author":[{"embeddable":true,"href":"https:\/\/mvz-sports.com\/fr\/wp-json\/wp\/v2\/users\/1"}],"replies":[{"embeddable":true,"href":"https:\/\/mvz-sports.com\/fr\/wp-json\/wp\/v2\/comments?post=10671"}],"version-history":[{"count":0,"href":"https:\/\/mvz-sports.com\/fr\/wp-json\/wp\/v2\/pages\/10671\/revisions"}],"wp:attachment":[{"href":"https:\/\/mvz-sports.com\/fr\/wp-json\/wp\/v2\/media?parent=10671"}],"curies":[{"name":"wp","href":"https:\/\/api.w.org\/{rel}","templated":true}]}}